{"id":664,"date":"2017-06-17T10:24:59","date_gmt":"2017-06-17T08:24:59","guid":{"rendered":"http:\/\/www.ivgbresciaservizi.com\/?page_id=664"},"modified":"2017-07-21T16:03:50","modified_gmt":"2017-07-21T14:03:50","slug":"azienda","status":"publish","type":"page","link":"https:\/\/www.ivgbresciaservizi.com\/index.php\/azienda\/","title":{"rendered":"L&#8217;azienda"},"content":{"rendered":"<section id=\"features\" class=\"section-features section-padding section-meta onepage-section\">\n<div class=\"container\">\n<div class=\"section-title-area\">\n<h5 class=\"section-subtitle\">IVGBRESCIA<\/h5>\n<h2 class=\"section-title\">Chi Siamo<\/h2>\n<\/div>\n<div class=\"section-content\">\n<div class=\"row\">\n<div class=\"feature-item col-lg-6 col-sm-6 wow slideInUp\" style=\"visibility: visible; animation-name: slideInUp;\">\n<div class=\"feature-media\"><span class=\"icon-image\"><img src=\"http:\/\/www.ivgbresciaservizi.com\/wp-content\/uploads\/2017\/03\/ChiSiamo.png\" alt=\"\" \/><\/span><\/div>\n<h4>Cos&#8217;\u00e8<\/h4>\n<div class=\"feature-item-content\">\n<p class=\"p1\" style=\"text-align: center;\">IVG Brescia servizi \u00e8 parte del gruppo SO.CO.V Srl, Istituto vendite giudiziarie del Tribunale di Brescia. Lo store <b>IVG Brescia Servizi<\/b> \u00e8 stato inaugurato nel <b>novembre 2016<\/b>, <b>seguendo il progetto pilota, primo in Italia, <\/b>di<b> SivagStore <\/b>Milano (Istituto vendite Giudiziarie del tribunale di Milano) che propone al pubblico dal 2014 la vendita al dettaglio di beni provenienti da procedure giudiziarie. Precedentemente i beni venivano venduti a lotti in asta pubblica ed il valore realizzato era spesso molto contenuto rispetto al reale valore di mercato di ogni singolo articolo. A fronte di questa constatazione il Tribunale di Milano prima,<\/p>\n<\/div>\n<\/div>\n<div class=\"feature-item col-lg-6 col-sm-6 wow slideInUp\" style=\"visibility: visible; animation-name: slideInUp;\">\n<div class=\"feature-media\"><span class=\"icon-image\"><img src=\"http:\/\/www.ivgbresciaservizi.com\/wp-content\/uploads\/2017\/03\/ComeFunziona.png\" alt=\"\" \/><\/span><\/div>\n<h4>Come funziona<\/h4>\n<div class=\"feature-item-content\">\n<p class=\"p1\" style=\"text-align: center;\">ed ora il Tribunale di Brescia, ha autorizzato IVG Brescia Servizi alla vendita al dettaglio. I beni di provenienza giudiziaria sono proposti direttamente al pubblico a prezzo fisso e con un notevole abbattimento sul prezzo di listino, al fine di raggiungere il miglior realizzo per ogni singola procedura. Questo criterio ha aperto una nuova frontiera per gli acquisti fatti direttamente nel punto vendita di Brescia, via Fura 28. Clienti privati ed aziende hanno potuto cosi approfittare di acquisti estremamente vantaggiosi senza alcuna rinuncia sulla qualit\u00e0 della merce scelta. Ogni lotto ha una disponibilit\u00e0 limitata e viene proposto al pubblico sino ad esaurimento scorte.<\/p>\n<\/div>\n<\/div>\n<\/div>\n<\/div>\n<\/div>\n<\/section>\n","protected":false},"excerpt":{"rendered":"<p>IVGBRESCIA Chi Siamo Cos&#8217;\u00e8 IVG Brescia servizi \u00e8 parte del gruppo SO.CO.V Srl, Istituto vendite giudiziarie del Tribunale di Brescia. Lo store IVG Brescia Servizi \u00e8 stato inaugurato nel novembre &#8230;<\/p>\n","protected":false},"author":3,"featured_media":0,"parent":0,"menu_order":0,"comment_status":"closed","ping_status":"closed","template":"","meta":[],"yoast_head":"<!-- This site is optimized with the Yoast SEO plugin v15.9.1 - https:\/\/yoast.com\/wordpress\/plugins\/seo\/ -->\n<title>L&#039;azienda - IVGBRESCIA<\/title>\n<meta name=\"robots\" content=\"index, follow, max-snippet:-1, max-image-preview:large, max-video-preview:-1\" \/>\n<link rel=\"canonical\" href=\"https:\/\/www.ivgbresciaservizi.com\/index.php\/azienda\/\" \/>\n<meta property=\"og:locale\" content=\"it_IT\" \/>\n<meta property=\"og:type\" content=\"article\" \/>\n<meta property=\"og:title\" content=\"L&#039;azienda - IVGBRESCIA\" \/>\n<meta property=\"og:description\" content=\"IVGBRESCIA Chi Siamo Cos&#8217;\u00e8 IVG Brescia servizi \u00e8 parte del gruppo SO.CO.V Srl, Istituto vendite giudiziarie del Tribunale di Brescia. Lo store IVG Brescia Servizi \u00e8 stato inaugurato nel novembre ...\" \/>\n<meta property=\"og:url\" content=\"https:\/\/www.ivgbresciaservizi.com\/index.php\/azienda\/\" \/>\n<meta property=\"og:site_name\" content=\"IVGBRESCIA\" \/>\n<meta property=\"article:modified_time\" content=\"2017-07-21T14:03:50+00:00\" \/>\n<meta property=\"og:image\" content=\"http:\/\/www.ivgbresciaservizi.com\/wp-content\/uploads\/2017\/03\/ChiSiamo.png\" \/>\n<meta name=\"twitter:card\" content=\"summary\" \/>\n<meta name=\"twitter:label1\" content=\"Tempo di lettura stimato\">\n\t<meta name=\"twitter:data1\" content=\"1 minuto\">\n<script type=\"application\/ld+json\" class=\"yoast-schema-graph\">{\"@context\":\"https:\/\/schema.org\",\"@graph\":[{\"@type\":\"WebSite\",\"@id\":\"https:\/\/www.ivgbresciaservizi.com\/#website\",\"url\":\"https:\/\/www.ivgbresciaservizi.com\/\",\"name\":\"IVGBRESCIA\",\"description\":\"Commissionaria vendite giudiziarie\",\"potentialAction\":[{\"@type\":\"SearchAction\",\"target\":\"https:\/\/www.ivgbresciaservizi.com\/?s={search_term_string}\",\"query-input\":\"required name=search_term_string\"}],\"inLanguage\":\"it-IT\"},{\"@type\":\"ImageObject\",\"@id\":\"https:\/\/www.ivgbresciaservizi.com\/index.php\/azienda\/#primaryimage\",\"inLanguage\":\"it-IT\",\"url\":\"http:\/\/www.ivgbresciaservizi.com\/wp-content\/uploads\/2017\/03\/ChiSiamo.png\"},{\"@type\":\"WebPage\",\"@id\":\"https:\/\/www.ivgbresciaservizi.com\/index.php\/azienda\/#webpage\",\"url\":\"https:\/\/www.ivgbresciaservizi.com\/index.php\/azienda\/\",\"name\":\"L'azienda - IVGBRESCIA\",\"isPartOf\":{\"@id\":\"https:\/\/www.ivgbresciaservizi.com\/#website\"},\"primaryImageOfPage\":{\"@id\":\"https:\/\/www.ivgbresciaservizi.com\/index.php\/azienda\/#primaryimage\"},\"datePublished\":\"2017-06-17T08:24:59+00:00\",\"dateModified\":\"2017-07-21T14:03:50+00:00\",\"breadcrumb\":{\"@id\":\"https:\/\/www.ivgbresciaservizi.com\/index.php\/azienda\/#breadcrumb\"},\"inLanguage\":\"it-IT\",\"potentialAction\":[{\"@type\":\"ReadAction\",\"target\":[\"https:\/\/www.ivgbresciaservizi.com\/index.php\/azienda\/\"]}]},{\"@type\":\"BreadcrumbList\",\"@id\":\"https:\/\/www.ivgbresciaservizi.com\/index.php\/azienda\/#breadcrumb\",\"itemListElement\":[{\"@type\":\"ListItem\",\"position\":1,\"item\":{\"@type\":\"WebPage\",\"@id\":\"https:\/\/www.ivgbresciaservizi.com\/\",\"url\":\"https:\/\/www.ivgbresciaservizi.com\/\",\"name\":\"Home\"}},{\"@type\":\"ListItem\",\"position\":2,\"item\":{\"@type\":\"WebPage\",\"@id\":\"https:\/\/www.ivgbresciaservizi.com\/index.php\/azienda\/\",\"url\":\"https:\/\/www.ivgbresciaservizi.com\/index.php\/azienda\/\",\"name\":\"L&#8217;azienda\"}}]}]}<\/script>\n<!-- \/ Yoast SEO plugin. -->","_links":{"self":[{"href":"https:\/\/www.ivgbresciaservizi.com\/index.php\/wp-json\/wp\/v2\/pages\/664"}],"collection":[{"href":"https:\/\/www.ivgbresciaservizi.com\/index.php\/wp-json\/wp\/v2\/pages"}],"about":[{"href":"https:\/\/www.ivgbresciaservizi.com\/index.php\/wp-json\/wp\/v2\/types\/page"}],"author":[{"embeddable":true,"href":"https:\/\/www.ivgbresciaservizi.com\/index.php\/wp-json\/wp\/v2\/users\/3"}],"replies":[{"embeddable":true,"href":"https:\/\/www.ivgbresciaservizi.com\/index.php\/wp-json\/wp\/v2\/comments?post=664"}],"version-history":[{"count":3,"href":"https:\/\/www.ivgbresciaservizi.com\/index.php\/wp-json\/wp\/v2\/pages\/664\/revisions"}],"predecessor-version":[{"id":1064,"href":"https:\/\/www.ivgbresciaservizi.com\/index.php\/wp-json\/wp\/v2\/pages\/664\/revisions\/1064"}],"wp:attachment":[{"href":"https:\/\/www.ivgbresciaservizi.com\/index.php\/wp-json\/wp\/v2\/media?parent=664"}],"curies":[{"name":"wp","href":"https:\/\/api.w.org\/{rel}","templated":true}]}}